{"id":2,"date":"2008-03-19T15:38:43","date_gmt":"2008-03-19T14:38:43","guid":{"rendered":"http:\/\/erdel-gmbh.de\/blog\/startseite\/"},"modified":"2022-09-20T20:45:19","modified_gmt":"2022-09-20T19:45:19","slug":"startseite","status":"publish","type":"page","link":"https:\/\/www.erdel-gmbh.de\/blog\/","title":{"rendered":"Willkommen"},"content":{"rendered":"<p><img loading=\"lazy\" class=\"alignleft\" style=\"margin: 30px 10px;\" src=\"http:\/\/erdel-gmbh.de\/blog\/wp-content\/uploads\/2008\/03\/aktenordner.thumbnail.jpg\" alt=\"Aktenordner\" width=\"106\" height=\"128\"\/><br \/>\nIhr Aktenbestand w\u00e4chst t\u00e4glich? Sie brauchen mehr Platz? Ihr Archiv belegt teure Mietr\u00e4ume? Oder haben sie sogar den \u00dcberblick verloren? Schon mal an Outsourcing gedacht?<\/p>\n<p>Die externe Archivierung ist die M\u00f6glichkeit Ihr Archiv zu entlasten und gleichzeitig einen schnellen Zugriff auf alle Daten und Unterlagen zu gew\u00e4hrleisten.<\/p>\n<p>Wir \u00fcbernehmen und verwalten Ihre zugriffsschwachen Archivbest\u00e4nde. Sie haben bedarfsgerecht Zugriff auf Ihre Unterlagen: Wenn Sie etwas ben\u00f6tigen schicken wir Ihnen die Originale per Kurier oder die Daten auf elektronischem Weg.<\/p>\n<p>Wir \u00fcberwachen f\u00fcr Sie die Aufbewahrungsfristen und sorgen f\u00fcr die datenschutzgerechte Vernichtung nach dem Ablauf und Ihrem \u201eOK&#8220;.<\/p>\n<p>In der Gewissheit, dass auch die beste Homepage das pers\u00f6nliche Gespr\u00e4ch nicht ersetzen kann, freuen wir uns ganz besonders auf den pers\u00f6nlichen Kontakt mit Ihnen!<\/p>\n<p>Ihr<br \/>\nGisbert Erdel<br \/>\nGesch\u00e4ftsf\u00fchrer<\/p>\n","protected":false},"excerpt":{"rendered":"<p>Ihr Aktenbestand w\u00e4chst t\u00e4glich? Sie brauchen mehr Platz? Ihr Archiv belegt teure Mietr\u00e4ume? Oder haben sie sogar den \u00dcberblick verloren? Schon mal an Outsourcing gedacht? Die externe Archivierung ist die M\u00f6glichkeit Ihr Archiv zu entlasten und gleichzeitig einen schnellen Zugriff &hellip; <a href=\"https:\/\/www.erdel-gmbh.de\/blog\/\">Weiterlesen <span class=\"meta-nav\">&rarr;<\/span><\/a><\/p>\n","protected":false},"author":2,"featured_media":0,"parent":0,"menu_order":0,"comment_status":"closed","ping_status":"open","template":"onecolumn-page.php","meta":[],"_links":{"self":[{"href":"https:\/\/www.erdel-gmbh.de\/blog\/index.php?rest_route=\/wp\/v2\/pages\/2"}],"collection":[{"href":"https:\/\/www.erdel-gmbh.de\/blog\/index.php?rest_route=\/wp\/v2\/pages"}],"about":[{"href":"https:\/\/www.erdel-gmbh.de\/blog\/index.php?rest_route=\/wp\/v2\/types\/page"}],"author":[{"embeddable":true,"href":"https:\/\/www.erdel-gmbh.de\/blog\/index.php?rest_route=\/wp\/v2\/users\/2"}],"replies":[{"embeddable":true,"href":"https:\/\/www.erdel-gmbh.de\/blog\/index.php?rest_route=%2Fwp%2Fv2%2Fcomments&post=2"}],"version-history":[{"count":9,"href":"https:\/\/www.erdel-gmbh.de\/blog\/index.php?rest_route=\/wp\/v2\/pages\/2\/revisions"}],"predecessor-version":[{"id":327,"href":"https:\/\/www.erdel-gmbh.de\/blog\/index.php?rest_route=\/wp\/v2\/pages\/2\/revisions\/327"}],"wp:attachment":[{"href":"https:\/\/www.erdel-gmbh.de\/blog\/index.php?rest_route=%2Fwp%2Fv2%2Fmedia&parent=2"}],"curies":[{"name":"wp","href":"https:\/\/api.w.org\/{rel}","templated":true}]}}